{"id":8951,"date":"2020-01-09T22:06:27","date_gmt":"2020-01-09T22:06:27","guid":{"rendered":"https:\/\/wpbingosite.com\/wordpress\/omeli\/?page_id=8951"},"modified":"2025-06-25T11:54:35","modified_gmt":"2025-06-25T11:54:35","slug":"home-main","status":"publish","type":"page","link":"https:\/\/www.cashmontellano.com\/","title":{"rendered":"INICIO"},"content":{"rendered":"\t\t<div data-elementor-type=\"wp-page\" data-elementor-id=\"8951\" class=\"elementor elementor-8951\">\n\t\t\t\t\t\t<section class=\"elementor-section elementor-top-section elementor-element elementor-element-afc515d elementor-section-full_width elementor-section-stretched elementor-section-height-default elementor-section-height-default\" data-id=\"afc515d\" data-element_type=\"section\" data-settings=\"{&quot;stretch_section&quot;:&quot;section-stretched&quot;}\">\n\t\t\t\t\t\t<div class=\"elementor-container elementor-column-gap-default\">\n\t\t\t\t\t<div class=\"elementor-column elementor-col-100 elementor-top-column elementor-element elementor-element-1fea486\" data-id=\"1fea486\" data-element_type=\"column\">\n\t\t\t<div class=\"elementor-widget-wrap\">\n\t\t\t\t\t\t\t<\/div>\n\t\t<\/div>\n\t\t\t\t\t<\/div>\n\t\t<\/section>\n\t\t\t\t<section class=\"elementor-section elementor-top-section elementor-element elementor-element-29c0863 elementor-section-height-min-height elementor-section-content-space-evenly elementor-section-boxed elementor-section-height-default elementor-section-items-middle\" data-id=\"29c0863\" data-element_type=\"section\">\n\t\t\t\t\t\t<div class=\"elementor-container elementor-column-gap-default\">\n\t\t\t\t\t<div class=\"elementor-column elementor-col-100 elementor-top-column elementor-element elementor-element-d71856c\" data-id=\"d71856c\" data-element_type=\"column\">\n\t\t\t<div class=\"elementor-widget-wrap elementor-element-populated\">\n\t\t\t\t\t\t<div class=\"elementor-element elementor-element-7ed4100 elementor-widget elementor-widget-heading\" data-id=\"7ed4100\" data-element_type=\"widget\" data-widget_type=\"heading.default\">\n\t\t\t\t<div class=\"elementor-widget-container\">\n\t\t\t<h1 class=\"elementor-heading-title elementor-size-default\">OFERTAS<\/h1>\t\t<\/div>\n\t\t\t\t<\/div>\n\t\t\t\t<div class=\"elementor-element elementor-element-eee8d3c elementor-widget elementor-widget-slider_revolution\" data-id=\"eee8d3c\" data-element_type=\"widget\" data-widget_type=\"slider_revolution.default\">\n\t\t\t\t<div class=\"elementor-widget-container\">\n\t\t\t\r\n\t\t<div class=\"wp-block-themepunch-revslider\">\n\t\t\t<!-- START Slider montellano REVOLUTION SLIDER 6.4.11 --><p class=\"rs-p-wp-fix\"><\/p>\n\t\t\t<rs-module-wrap id=\"rev_slider_9_1_wrapper\" data-source=\"gallery\" style=\"background:transparent;padding:0;margin:0px auto;margin-top:0;margin-bottom:0;\">\n\t\t\t\t<rs-module id=\"rev_slider_9_1\" style=\"\" data-version=\"6.4.11\">\n\t\t\t\t\t<rs-slides>\n\t\t\t\t\t\t<rs-slide data-key=\"rs-25\" data-title=\"Slide\" data-anim=\"ms:5ms;\" data-in=\"o:0;\" data-out=\"a:false;\">\n\t\t\t\t\t\t\t<img fetchpriority=\"high\" decoding=\"async\" src=\"\/\/www.cashmontellano.com\/wp-content\/uploads\/2021\/06\/bg_slider.jpg\" title=\"bg_slider\" width=\"1920\" height=\"535\" class=\"rev-slidebg tp-rs-img\" data-no-retina>\n<!--\n\t\t\t\t\t\t\t--><rs-layer\n\t\t\t\t\t\t\t\tid=\"slider-9-slide-25-layer-0\" \n\t\t\t\t\t\t\t\tdata-type=\"object\"\n\t\t\t\t\t\t\t\tdata-rsp_ch=\"on\"\n\t\t\t\t\t\t\t\tdata-xy=\"xo:50px,31px,20px,12px;yo:50px,31px,20px,12px;\"\n\t\t\t\t\t\t\t\tdata-text=\"w:normal;s:20,12,7,4;l:0,15,9,6;\"\n\t\t\t\t\t\t\t\tdata-frame_999=\"o:0;st:w;\"\n\t\t\t\t\t\t\t\tstyle=\"z-index:11;background:url('https:\/\/www.cashmontellano.com\/wp-content\/uploads\/2024\/04\/Copia-de-Anadir-un-titulo-60-\u00d7-100-mm-60-\u00d7-40-mm.svg') no-repeat center center;background-size:cover;font-family:Roboto;\"\n\t\t\t\t\t\t\t> \n\t\t\t\t\t\t\t<\/rs-layer><!--\n\n\t\t\t\t\t\t\t--><rs-layer\n\t\t\t\t\t\t\t\tid=\"slider-9-slide-25-layer-1\" \n\t\t\t\t\t\t\t\tdata-type=\"text\"\n\t\t\t\t\t\t\t\tdata-color=\"#fff\"\n\t\t\t\t\t\t\t\tdata-rsp_ch=\"on\"\n\t\t\t\t\t\t\t\tdata-xy=\"xo:184px,114px,27px,13px;yo:281px,175px,324px,198px;\"\n\t\t\t\t\t\t\t\tdata-text=\"w:normal;s:54,33,30,25;l:61,38,24,14;ls:3,1,0,0;fw:800;\"\n\t\t\t\t\t\t\t\tdata-dim=\"w:469,292,189,116;h:121,75,48,auto;minh:0,none,none,none;\"\n\t\t\t\t\t\t\t\tdata-frame_999=\"o:0;st:w;sR:8700;\"\n\t\t\t\t\t\t\t\tstyle=\"z-index:10;font-family:'Palatino Linotype', 'Book Antiqua', Palatino, serif;font-style:italic;\"\n\t\t\t\t\t\t\t>Virgen Extra 5 L \n\t\t\t\t\t\t\t<\/rs-layer><!--\n\n\t\t\t\t\t\t\t--><rs-layer\n\t\t\t\t\t\t\t\tid=\"slider-9-slide-25-layer-4\" \n\t\t\t\t\t\t\t\tdata-type=\"image\"\n\t\t\t\t\t\t\t\tdata-rsp_ch=\"on\"\n\t\t\t\t\t\t\t\tdata-xy=\"xo:739px,461px,299px,184px;yo:10px,6px,3px,1px;\"\n\t\t\t\t\t\t\t\tdata-text=\"w:normal;s:20,12,7,4;l:0,15,9,6;\"\n\t\t\t\t\t\t\t\tdata-dim=\"w:245px,152px,98px,60px;h:528px,329px,213px,131px;\"\n\t\t\t\t\t\t\t\tdata-frame_999=\"o:0;st:w;\"\n\t\t\t\t\t\t\t\tstyle=\"z-index:15;\"\n\t\t\t\t\t\t\t><img decoding=\"async\" src=\"\/\/www.cashmontellano.com\/wp-content\/uploads\/2024\/04\/Aceite-los-Angeles-5L.png\" class=\"tp-rs-img\" width=\"345\" height=\"743\" data-no-retina> \n\t\t\t\t\t\t\t<\/rs-layer><!--\n\n\t\t\t\t\t\t\t--><rs-layer\n\t\t\t\t\t\t\t\tid=\"slider-9-slide-25-layer-9\" \n\t\t\t\t\t\t\t\tdata-type=\"text\"\n\t\t\t\t\t\t\t\tdata-color=\"#ff1c0c\"\n\t\t\t\t\t\t\t\tdata-rsp_ch=\"on\"\n\t\t\t\t\t\t\t\tdata-xy=\"xo:1427px,891px,578px,356px;yo:237px,148px,96px,59px;\"\n\t\t\t\t\t\t\t\tdata-text=\"w:normal;s:42,26,16,9;l:48,29,18,11;\"\n\t\t\t\t\t\t\t\tdata-dim=\"minh:0,none,none,none;\"\n\t\t\t\t\t\t\t\tdata-frame_999=\"o:0;st:w;\"\n\t\t\t\t\t\t\t\tstyle=\"z-index:14;font-family:'Arial Black', Gadget, sans-serif;text-transform:uppercase;\"\n\t\t\t\t\t\t\t>\u20ac \n\t\t\t\t\t\t\t<\/rs-layer><!--\n\n\t\t\t\t\t\t\t--><rs-layer\n\t\t\t\t\t\t\t\tid=\"slider-9-slide-25-layer-12\" \n\t\t\t\t\t\t\t\tdata-type=\"text\"\n\t\t\t\t\t\t\t\tdata-color=\"#ff1c0c\"\n\t\t\t\t\t\t\t\tdata-rsp_ch=\"on\"\n\t\t\t\t\t\t\t\tdata-xy=\"xo:1039px,648px,420px,259px;yo:152px,94px,60px,37px;\"\n\t\t\t\t\t\t\t\tdata-text=\"w:normal;s:128,79,51,31;l:147,91,59,36;ls:-1,0,0,0;\"\n\t\t\t\t\t\t\t\tdata-dim=\"h:153,95,61,37;minh:0,none,none,none;\"\n\t\t\t\t\t\t\t\tdata-frame_999=\"o:0;st:w;\"\n\t\t\t\t\t\t\t\tstyle=\"z-index:13;font-family:'Arial Black', Gadget, sans-serif;text-transform:uppercase;\"\n\t\t\t\t\t\t\t>28,95  \n\t\t\t\t\t\t\t<\/rs-layer><!--\n\n\t\t\t\t\t\t\t--><rs-layer\n\t\t\t\t\t\t\t\tid=\"slider-9-slide-25-layer-26\" \n\t\t\t\t\t\t\t\tdata-type=\"text\"\n\t\t\t\t\t\t\t\tdata-color=\"#fff\"\n\t\t\t\t\t\t\t\tdata-rsp_ch=\"on\"\n\t\t\t\t\t\t\t\tdata-xy=\"xo:183px,114px,51px,42px;yo:203px,126px,282px,163px;\"\n\t\t\t\t\t\t\t\tdata-text=\"w:normal;s:75,46,30,20;l:56,34,22,13;ls:4,2,1,0;fw:800;\"\n\t\t\t\t\t\t\t\tdata-dim=\"h:68,42,27,16;minh:0,none,none,none;\"\n\t\t\t\t\t\t\t\tdata-frame_999=\"o:0;st:w;sR:8700;\"\n\t\t\t\t\t\t\t\tstyle=\"z-index:9;font-family:'Palatino Linotype', 'Book Antiqua', Palatino, serif;font-style:italic;\"\n\t\t\t\t\t\t\t>   Aceite Oliva  \n\t\t\t\t\t\t\t<\/rs-layer><!--\n-->\t\t\t\t\t\t<\/rs-slide>\n\t\t\t\t\t<\/rs-slides>\n\t\t\t\t\t<rs-static-layers><!--\n\t\t\t\t\t--><\/rs-static-layers>\n\t\t\t\t<\/rs-module>\n\t\t\t\t<script type=\"text\/javascript\">\n\t\t\t\t\tsetREVStartSize({c: 'rev_slider_9_1',rl:[1240,1024,778,480],el:[535,550,450,350],gw:[1920,1199,778,480],gh:[535,550,450,350],type:'standard',justify:'',layout:'fullwidth',mh:\"0\"});\n\t\t\t\t\tvar\trevapi9,\n\t\t\t\t\t\ttpj;\n\t\t\t\t\tfunction revinit_revslider91() {\n\t\t\t\t\tjQuery(function() {\n\t\t\t\t\t\ttpj = jQuery;\n\t\t\t\t\t\trevapi9 = tpj(\"#rev_slider_9_1\");\n\t\t\t\t\t\tif(revapi9==undefined || revapi9.revolution == undefined){\n\t\t\t\t\t\t\trevslider_showDoubleJqueryError(\"rev_slider_9_1\");\n\t\t\t\t\t\t}else{\n\t\t\t\t\t\t\trevapi9.revolution({\n\t\t\t\t\t\t\t\tDPR:\"dpr\",\n\t\t\t\t\t\t\t\tsliderLayout:\"fullwidth\",\n\t\t\t\t\t\t\t\tvisibilityLevels:\"1240,1024,778,480\",\n\t\t\t\t\t\t\t\tgridwidth:\"1920,1199,778,480\",\n\t\t\t\t\t\t\t\tgridheight:\"535,550,450,350\",\n\t\t\t\t\t\t\t\tspinner:\"spinner0\",\n\t\t\t\t\t\t\t\tperspective:600,\n\t\t\t\t\t\t\t\tperspectiveType:\"local\",\n\t\t\t\t\t\t\t\teditorheight:\"535,550,450,350\",\n\t\t\t\t\t\t\t\tresponsiveLevels:\"1240,1024,778,480\",\n\t\t\t\t\t\t\t\tprogressBar:{disableProgressBar:true},\n\t\t\t\t\t\t\t\tfallbacks: {\n\t\t\t\t\t\t\t\t\tallowHTML5AutoPlayOnAndroid:true\n\t\t\t\t\t\t\t\t},\n\t\t\t\t\t\t\t});\n\t\t\t\t\t\t}\n\t\t\t\t\t\t\n\t\t\t\t\t});\n\t\t\t\t\t} \/\/ End of RevInitScript\n\t\t\t\tvar once_revslider91 = false;\n\t\t\t\tif (document.readyState === \"loading\") {document.addEventListener('readystatechange',function() { if((document.readyState === \"interactive\" || document.readyState === \"complete\") && !once_revslider91 ) { once_revslider91 = true; revinit_revslider91();}});} else {once_revslider91 = true; revinit_revslider91();}\n\t\t\t\t<\/script>\n\t\t\t<\/rs-module-wrap>\n\t\t\t<!-- END REVOLUTION SLIDER -->\n<\/div>\r\n\r\n\t\t\t\t<\/div>\n\t\t\t\t<\/div>\n\t\t\t\t<div class=\"elementor-element elementor-element-ed803f3 elementor-widget elementor-widget-heading\" data-id=\"ed803f3\" data-element_type=\"widget\" data-widget_type=\"heading.default\">\n\t\t\t\t<div class=\"elementor-widget-container\">\n\t\t\t<h3 class=\"elementor-heading-title elementor-size-default\">\u00a1Compre a precios de almac\u00e9n!<\/h3>\t\t<\/div>\n\t\t\t\t<\/div>\n\t\t\t\t\t<\/div>\n\t\t<\/div>\n\t\t\t\t\t<\/div>\n\t\t<\/section>\n\t\t\t\t<section class=\"elementor-section elementor-top-section elementor-element elementor-element-95a9428 elementor-section-stretched elementor-section-boxed elementor-section-height-default elementor-section-height-default\" data-id=\"95a9428\" data-element_type=\"section\" data-settings=\"{&quot;stretch_section&quot;:&quot;section-stretched&quot;}\">\n\t\t\t\t\t\t<div class=\"elementor-container elementor-column-gap-default\">\n\t\t\t\t\t<div class=\"elementor-column elementor-col-100 elementor-top-column elementor-element elementor-element-8c1e587\" data-id=\"8c1e587\" data-element_type=\"column\">\n\t\t\t<div class=\"elementor-widget-wrap elementor-element-populated\">\n\t\t\t\t\t\t<div class=\"elementor-element elementor-element-0987340 elementor-arrows-position-outside elementor-pagination-position-outside elementor-widget elementor-widget-image-carousel\" data-id=\"0987340\" data-element_type=\"widget\" data-settings=\"{&quot;slides_to_show&quot;:&quot;5&quot;,&quot;navigation&quot;:&quot;both&quot;,&quot;autoplay&quot;:&quot;yes&quot;,&quot;pause_on_hover&quot;:&quot;yes&quot;,&quot;pause_on_interaction&quot;:&quot;yes&quot;,&quot;autoplay_speed&quot;:5000,&quot;infinite&quot;:&quot;yes&quot;,&quot;speed&quot;:500}\" data-widget_type=\"image-carousel.default\">\n\t\t\t\t<div class=\"elementor-widget-container\">\n\t\t\t\t\t<div class=\"elementor-image-carousel-wrapper swiper\" dir=\"ltr\">\n\t\t\t<div class=\"elementor-image-carousel swiper-wrapper\" aria-live=\"off\">\n\t\t\t\t\t\t\t\t<div class=\"swiper-slide\" role=\"group\" aria-roledescription=\"slide\" aria-label=\"1 de 5\"><a data-elementor-open-lightbox=\"yes\" data-elementor-lightbox-slideshow=\"0987340\" data-elementor-lightbox-title=\"ecran\" data-e-action-hash=\"#elementor-action%3Aaction%3Dlightbox%26settings%3DeyJpZCI6MTM5NDUsInVybCI6Imh0dHBzOlwvXC93d3cuY2FzaG1vbnRlbGxhbm8uY29tXC93cC1jb250ZW50XC91cGxvYWRzXC8yMDI1XC8wNlwvZWNyYW4uanBnIiwic2xpZGVzaG93IjoiMDk4NzM0MCJ9\" href=\"https:\/\/www.cashmontellano.com\/wp-content\/uploads\/2025\/06\/ecran.jpg\"><figure class=\"swiper-slide-inner\"><img decoding=\"async\" class=\"swiper-slide-image\" src=\"https:\/\/www.cashmontellano.com\/wp-content\/uploads\/2025\/06\/ecran.jpg\" alt=\"ecran\" \/><\/figure><\/a><\/div><div class=\"swiper-slide\" role=\"group\" aria-roledescription=\"slide\" aria-label=\"2 de 5\"><a data-elementor-open-lightbox=\"yes\" data-elementor-lightbox-slideshow=\"0987340\" data-elementor-lightbox-title=\"aftersun\" data-e-action-hash=\"#elementor-action%3Aaction%3Dlightbox%26settings%3DeyJpZCI6MTM5NDQsInVybCI6Imh0dHBzOlwvXC93d3cuY2FzaG1vbnRlbGxhbm8uY29tXC93cC1jb250ZW50XC91cGxvYWRzXC8yMDI1XC8wNlwvYWZ0ZXJzdW4uanBnIiwic2xpZGVzaG93IjoiMDk4NzM0MCJ9\" href=\"https:\/\/www.cashmontellano.com\/wp-content\/uploads\/2025\/06\/aftersun.jpg\"><figure class=\"swiper-slide-inner\"><img decoding=\"async\" class=\"swiper-slide-image\" src=\"https:\/\/www.cashmontellano.com\/wp-content\/uploads\/2025\/06\/aftersun.jpg\" alt=\"aftersun\" \/><\/figure><\/a><\/div><div class=\"swiper-slide\" role=\"group\" aria-roledescription=\"slide\" aria-label=\"3 de 5\"><a data-elementor-open-lightbox=\"yes\" data-elementor-lightbox-slideshow=\"0987340\" data-elementor-lightbox-title=\"COSMETICOS\" data-e-action-hash=\"#elementor-action%3Aaction%3Dlightbox%26settings%3DeyJpZCI6MTM5NDMsInVybCI6Imh0dHBzOlwvXC93d3cuY2FzaG1vbnRlbGxhbm8uY29tXC93cC1jb250ZW50XC91cGxvYWRzXC8yMDI1XC8wNlwvQ09TTUVUSUNPUy5qcGciLCJzbGlkZXNob3ciOiIwOTg3MzQwIn0%3D\" href=\"https:\/\/www.cashmontellano.com\/wp-content\/uploads\/2025\/06\/COSMETICOS.jpg\"><figure class=\"swiper-slide-inner\"><img decoding=\"async\" class=\"swiper-slide-image\" src=\"https:\/\/www.cashmontellano.com\/wp-content\/uploads\/2025\/06\/COSMETICOS.jpg\" alt=\"COSMETICOS\" \/><\/figure><\/a><\/div><div class=\"swiper-slide\" role=\"group\" aria-roledescription=\"slide\" aria-label=\"4 de 5\"><a data-elementor-open-lightbox=\"yes\" data-elementor-lightbox-slideshow=\"0987340\" data-elementor-lightbox-title=\"JUGUETES\" data-e-action-hash=\"#elementor-action%3Aaction%3Dlightbox%26settings%3DeyJpZCI6MTM5NDIsInVybCI6Imh0dHBzOlwvXC93d3cuY2FzaG1vbnRlbGxhbm8uY29tXC93cC1jb250ZW50XC91cGxvYWRzXC8yMDI1XC8wNlwvSlVHVUVURVMuanBnIiwic2xpZGVzaG93IjoiMDk4NzM0MCJ9\" href=\"https:\/\/www.cashmontellano.com\/wp-content\/uploads\/2025\/06\/JUGUETES.jpg\"><figure class=\"swiper-slide-inner\"><img decoding=\"async\" class=\"swiper-slide-image\" src=\"https:\/\/www.cashmontellano.com\/wp-content\/uploads\/2025\/06\/JUGUETES.jpg\" alt=\"JUGUETES\" \/><\/figure><\/a><\/div><div class=\"swiper-slide\" role=\"group\" aria-roledescription=\"slide\" aria-label=\"5 de 5\"><a data-elementor-open-lightbox=\"yes\" data-elementor-lightbox-slideshow=\"0987340\" data-elementor-lightbox-title=\"TOALLA\" data-e-action-hash=\"#elementor-action%3Aaction%3Dlightbox%26settings%3DeyJpZCI6MTM5NDEsInVybCI6Imh0dHBzOlwvXC93d3cuY2FzaG1vbnRlbGxhbm8uY29tXC93cC1jb250ZW50XC91cGxvYWRzXC8yMDI1XC8wNlwvVE9BTExBLmpwZyIsInNsaWRlc2hvdyI6IjA5ODczNDAifQ%3D%3D\" href=\"https:\/\/www.cashmontellano.com\/wp-content\/uploads\/2025\/06\/TOALLA.jpg\"><figure class=\"swiper-slide-inner\"><img decoding=\"async\" class=\"swiper-slide-image\" src=\"https:\/\/www.cashmontellano.com\/wp-content\/uploads\/2025\/06\/TOALLA.jpg\" alt=\"TOALLA\" \/><\/figure><\/a><\/div>\t\t\t<\/div>\n\t\t\t\t\t\t\t\t\t\t\t\t<div class=\"elementor-swiper-button elementor-swiper-button-prev\" role=\"button\" tabindex=\"0\">\n\t\t\t\t\t\t<i aria-hidden=\"true\" class=\"eicon-chevron-left\"><\/i>\t\t\t\t\t<\/div>\n\t\t\t\t\t<div class=\"elementor-swiper-button elementor-swiper-button-next\" role=\"button\" tabindex=\"0\">\n\t\t\t\t\t\t<i aria-hidden=\"true\" class=\"eicon-chevron-right\"><\/i>\t\t\t\t\t<\/div>\n\t\t\t\t\n\t\t\t\t\t\t\t\t\t<div class=\"swiper-pagination\"><\/div>\n\t\t\t\t\t\t\t\t\t<\/div>\n\t\t\t\t<\/div>\n\t\t\t\t<\/div>\n\t\t\t\t<div class=\"elementor-element elementor-element-7544e21 elementor-widget elementor-widget-spacer\" data-id=\"7544e21\" data-element_type=\"widget\" data-widget_type=\"spacer.default\">\n\t\t\t\t<div class=\"elementor-widget-container\">\n\t\t\t\t\t<div class=\"elementor-spacer\">\n\t\t\t<div class=\"elementor-spacer-inner\"><\/div>\n\t\t<\/div>\n\t\t\t\t<\/div>\n\t\t\t\t<\/div>\n\t\t\t\t\t<\/div>\n\t\t<\/div>\n\t\t\t\t\t<\/div>\n\t\t<\/section>\n\t\t\t\t<section class=\"elementor-section elementor-top-section elementor-element elementor-element-6d702cf elementor-section-boxed elementor-section-height-default elementor-section-height-default\" data-id=\"6d702cf\" data-element_type=\"section\">\n\t\t\t\t\t\t<div class=\"elementor-container elementor-column-gap-default\">\n\t\t\t\t\t<div class=\"elementor-column elementor-col-50 elementor-top-column elementor-element elementor-element-b6b3242\" data-id=\"b6b3242\" data-element_type=\"column\" data-settings=\"{&quot;background_background&quot;:&quot;classic&quot;}\">\n\t\t\t<div class=\"elementor-widget-wrap elementor-element-populated\">\n\t\t\t\t\t\t<div class=\"elementor-element elementor-element-f3d56a4 elementor-widget elementor-widget-heading\" data-id=\"f3d56a4\" data-element_type=\"widget\" data-widget_type=\"heading.default\">\n\t\t\t\t<div class=\"elementor-widget-container\">\n\t\t\t<h1 class=\"elementor-heading-title elementor-size-default\">SERVICIOS<\/h1>\t\t<\/div>\n\t\t\t\t<\/div>\n\t\t\t\t<div class=\"elementor-element elementor-element-a5cdb51 elementor-widget elementor-widget-heading\" data-id=\"a5cdb51\" data-element_type=\"widget\" data-widget_type=\"heading.default\">\n\t\t\t\t<div class=\"elementor-widget-container\">\n\t\t\t<h3 class=\"elementor-heading-title elementor-size-default\">Nuestros principales servicios<\/h3>\t\t<\/div>\n\t\t\t\t<\/div>\n\t\t\t\t<section class=\"elementor-section elementor-inner-section elementor-element elementor-element-6aa0661 elementor-section-boxed elementor-section-height-default elementor-section-height-default\" data-id=\"6aa0661\" data-element_type=\"section\">\n\t\t\t\t\t\t<div class=\"elementor-container elementor-column-gap-default\">\n\t\t\t\t\t<div class=\"elementor-column elementor-col-33 elementor-inner-column elementor-element elementor-element-3b16ef1\" data-id=\"3b16ef1\" data-element_type=\"column\">\n\t\t\t<div class=\"elementor-widget-wrap elementor-element-populated\">\n\t\t\t\t\t\t<div class=\"elementor-element elementor-element-a89e117 elementor-widget elementor-widget-image\" data-id=\"a89e117\" data-element_type=\"widget\" data-widget_type=\"image.default\">\n\t\t\t\t<div class=\"elementor-widget-container\">\n\t\t\t\t\t\t\t\t\t\t\t\t\t<img decoding=\"async\" width=\"84\" height=\"74\" src=\"https:\/\/www.cashmontellano.com\/wp-content\/uploads\/2021\/06\/icon-comestibles.png\" class=\"attachment-large size-large wp-image-13520\" alt=\"\" \/>\t\t\t\t\t\t\t\t\t\t\t\t\t<\/div>\n\t\t\t\t<\/div>\n\t\t\t\t<div class=\"elementor-element elementor-element-d5f96b0 elementor-widget elementor-widget-heading\" data-id=\"d5f96b0\" data-element_type=\"widget\" data-widget_type=\"heading.default\">\n\t\t\t\t<div class=\"elementor-widget-container\">\n\t\t\t<h4 class=\"elementor-heading-title elementor-size-default\">Preparaci\u00f3n de pedidos<\/h4>\t\t<\/div>\n\t\t\t\t<\/div>\n\t\t\t\t<div class=\"elementor-element elementor-element-8bafb52 elementor-widget elementor-widget-text-editor\" data-id=\"8bafb52\" data-element_type=\"widget\" data-widget_type=\"text-editor.default\">\n\t\t\t\t<div class=\"elementor-widget-container\">\n\t\t\t\t\t\t\t<p>Para m\u00e1s informaci\u00f3n puede contactar a trav\u00e9s de nuestro tel\u00e9fono o en nuestro local.<\/p>\t\t\t\t\t\t<\/div>\n\t\t\t\t<\/div>\n\t\t\t\t\t<\/div>\n\t\t<\/div>\n\t\t\t\t<div class=\"elementor-column elementor-col-33 elementor-inner-column elementor-element elementor-element-293da4c\" data-id=\"293da4c\" data-element_type=\"column\">\n\t\t\t<div class=\"elementor-widget-wrap elementor-element-populated\">\n\t\t\t\t\t\t<div class=\"elementor-element elementor-element-bb74c42 elementor-widget elementor-widget-image\" data-id=\"bb74c42\" data-element_type=\"widget\" data-widget_type=\"image.default\">\n\t\t\t\t<div class=\"elementor-widget-container\">\n\t\t\t\t\t\t\t\t\t\t\t\t\t<img loading=\"lazy\" decoding=\"async\" width=\"84\" height=\"74\" src=\"https:\/\/www.cashmontellano.com\/wp-content\/uploads\/2021\/10\/tarjetas.png\" class=\"attachment-full size-full wp-image-13776\" alt=\"\" \/>\t\t\t\t\t\t\t\t\t\t\t\t\t<\/div>\n\t\t\t\t<\/div>\n\t\t\t\t<div class=\"elementor-element elementor-element-80c8802 elementor-widget elementor-widget-heading\" data-id=\"80c8802\" data-element_type=\"widget\" data-widget_type=\"heading.default\">\n\t\t\t\t<div class=\"elementor-widget-container\">\n\t\t\t<h4 class=\"elementor-heading-title elementor-size-default\">Pago con Tarjetas<\/h4>\t\t<\/div>\n\t\t\t\t<\/div>\n\t\t\t\t\t<\/div>\n\t\t<\/div>\n\t\t\t\t<div class=\"elementor-column elementor-col-33 elementor-inner-column elementor-element elementor-element-dfbf297\" data-id=\"dfbf297\" data-element_type=\"column\">\n\t\t\t<div class=\"elementor-widget-wrap elementor-element-populated\">\n\t\t\t\t\t\t<div class=\"elementor-element elementor-element-53552b3 elementor-widget elementor-widget-image\" data-id=\"53552b3\" data-element_type=\"widget\" data-widget_type=\"image.default\">\n\t\t\t\t<div class=\"elementor-widget-container\">\n\t\t\t\t\t\t\t\t\t\t\t\t\t<img loading=\"lazy\" decoding=\"async\" width=\"84\" height=\"74\" src=\"https:\/\/www.cashmontellano.com\/wp-content\/uploads\/2021\/06\/icon-servicio-comercial.png\" class=\"attachment-full size-full wp-image-13535\" alt=\"\" \/>\t\t\t\t\t\t\t\t\t\t\t\t\t<\/div>\n\t\t\t\t<\/div>\n\t\t\t\t<div class=\"elementor-element elementor-element-aab4ca4 elementor-widget elementor-widget-heading\" data-id=\"aab4ca4\" data-element_type=\"widget\" data-widget_type=\"heading.default\">\n\t\t\t\t<div class=\"elementor-widget-container\">\n\t\t\t<h4 class=\"elementor-heading-title elementor-size-default\">Servicio comercial<\/h4>\t\t<\/div>\n\t\t\t\t<\/div>\n\t\t\t\t<div class=\"elementor-element elementor-element-96ecae8 elementor-widget elementor-widget-text-editor\" data-id=\"96ecae8\" data-element_type=\"widget\" data-widget_type=\"text-editor.default\">\n\t\t\t\t<div class=\"elementor-widget-container\">\n\t\t\t\t\t\t\t<p>Facturaci\u00f3n diaria, mensual o trimestral a petici\u00f3n de nuestros clientes.<\/p>\t\t\t\t\t\t<\/div>\n\t\t\t\t<\/div>\n\t\t\t\t\t<\/div>\n\t\t<\/div>\n\t\t\t\t\t<\/div>\n\t\t<\/section>\n\t\t\t\t\t<\/div>\n\t\t<\/div>\n\t\t\t\t<div class=\"elementor-column elementor-col-50 elementor-top-column elementor-element elementor-element-05c7125\" data-id=\"05c7125\" data-element_type=\"column\" data-settings=\"{&quot;background_background&quot;:&quot;classic&quot;}\">\n\t\t\t<div class=\"elementor-widget-wrap elementor-element-populated\">\n\t\t\t\t\t\t<div class=\"elementor-element elementor-element-74aaf7f elementor-widget elementor-widget-heading\" data-id=\"74aaf7f\" data-element_type=\"widget\" data-widget_type=\"heading.default\">\n\t\t\t\t<div class=\"elementor-widget-container\">\n\t\t\t<h1 class=\"elementor-heading-title elementor-size-default\">\u00bfEn qu\u00e9 podemos ayudarle?\n<\/h1>\t\t<\/div>\n\t\t\t\t<\/div>\n\t\t\t\t<div class=\"elementor-element elementor-element-1c4e8b5 elementor-widget elementor-widget-heading\" data-id=\"1c4e8b5\" data-element_type=\"widget\" data-widget_type=\"heading.default\">\n\t\t\t\t<div class=\"elementor-widget-container\">\n\t\t\t<h4 class=\"elementor-heading-title elementor-size-default\">Si tiene alguna consulta, no dude en contactar con nosotros<\/h4>\t\t<\/div>\n\t\t\t\t<\/div>\n\t\t\t\t<div class=\"elementor-element elementor-element-09403d9 elementor-widget elementor-widget-image\" data-id=\"09403d9\" data-element_type=\"widget\" data-widget_type=\"image.default\">\n\t\t\t\t<div class=\"elementor-widget-container\">\n\t\t\t\t\t\t\t\t\t\t\t\t\t<img loading=\"lazy\" decoding=\"async\" width=\"64\" height=\"64\" src=\"https:\/\/www.cashmontellano.com\/wp-content\/uploads\/2021\/06\/icon-whasap.png\" class=\"attachment-large size-large wp-image-13555\" alt=\"\" \/>\t\t\t\t\t\t\t\t\t\t\t\t\t<\/div>\n\t\t\t\t<\/div>\n\t\t\t\t<div class=\"elementor-element elementor-element-b708f45 elementor-widget elementor-widget-heading\" data-id=\"b708f45\" data-element_type=\"widget\" data-widget_type=\"heading.default\">\n\t\t\t\t<div class=\"elementor-widget-container\">\n\t\t\t<h4 class=\"elementor-heading-title elementor-size-default\"><a href=\"tel:0034695582546\">633 08 94 06<\/a><\/h4>\t\t<\/div>\n\t\t\t\t<\/div>\n\t\t\t\t\t<\/div>\n\t\t<\/div>\n\t\t\t\t\t<\/div>\n\t\t<\/section>\n\t\t\t\t<section class=\"elementor-section elementor-top-section elementor-element elementor-element-e6232d3 elementor-section-boxed elementor-section-height-default elementor-section-height-default\" data-id=\"e6232d3\" data-element_type=\"section\">\n\t\t\t\t\t\t<div class=\"elementor-container elementor-column-gap-default\">\n\t\t\t\t\t<div class=\"elementor-column elementor-col-100 elementor-top-column elementor-element elementor-element-fe37d7e\" data-id=\"fe37d7e\" data-element_type=\"column\">\n\t\t\t<div class=\"elementor-widget-wrap elementor-element-populated\">\n\t\t\t\t\t\t<div class=\"elementor-element elementor-element-a2e8f97 elementor-widget elementor-widget-spacer\" data-id=\"a2e8f97\" data-element_type=\"widget\" data-widget_type=\"spacer.default\">\n\t\t\t\t<div class=\"elementor-widget-container\">\n\t\t\t\t\t<div class=\"elementor-spacer\">\n\t\t\t<div class=\"elementor-spacer-inner\"><\/div>\n\t\t<\/div>\n\t\t\t\t<\/div>\n\t\t\t\t<\/div>\n\t\t\t\t\t<\/div>\n\t\t<\/div>\n\t\t\t\t\t<\/div>\n\t\t<\/section>\n\t\t\t\t<section class=\"elementor-section elementor-top-section elementor-element elementor-element-610a7b0 elementor-section-boxed elementor-section-height-default elementor-section-height-default\" data-id=\"610a7b0\" data-element_type=\"section\">\n\t\t\t\t\t\t<div class=\"elementor-container elementor-column-gap-default\">\n\t\t\t\t\t<div class=\"elementor-column elementor-col-100 elementor-top-column elementor-element elementor-element-b7a7aee\" data-id=\"b7a7aee\" data-element_type=\"column\">\n\t\t\t<div class=\"elementor-widget-wrap\">\n\t\t\t\t\t\t\t<\/div>\n\t\t<\/div>\n\t\t\t\t\t<\/div>\n\t\t<\/section>\n\t\t\t\t<\/div>\n\t\t","protected":false},"excerpt":{"rendered":"<p>OFERTAS \u00a1Compre a precios de almac\u00e9n! SERVICIOS Nuestros principales servicios Preparaci\u00f3n de pedidos Para m\u00e1s informaci\u00f3n puede contactar a trav\u00e9s de nuestro tel\u00e9fono o en nuestro local. Pago con Tarjetas Servicio comercial Facturaci\u00f3n diaria, mensual o trimestral a petici\u00f3n de nuestros clientes. \u00bfEn qu\u00e9 podemos ayudarle? Si tiene alguna consulta, no dude en contactar con [&hellip;]<\/p>\n","protected":false},"author":1,"featured_media":0,"parent":0,"menu_order":0,"comment_status":"closed","ping_status":"closed","template":"page-templates\/homepage.php","meta":{"footnotes":""},"class_list":["post-8951","page","type-page","status-publish","hentry"],"_links":{"self":[{"href":"https:\/\/www.cashmontellano.com\/index.php\/wp-json\/wp\/v2\/pages\/8951","targetHints":{"allow":["GET"]}}],"collection":[{"href":"https:\/\/www.cashmontellano.com\/index.php\/wp-json\/wp\/v2\/pages"}],"about":[{"href":"https:\/\/www.cashmontellano.com\/index.php\/wp-json\/wp\/v2\/types\/page"}],"author":[{"embeddable":true,"href":"https:\/\/www.cashmontellano.com\/index.php\/wp-json\/wp\/v2\/users\/1"}],"replies":[{"embeddable":true,"href":"https:\/\/www.cashmontellano.com\/index.php\/wp-json\/wp\/v2\/comments?post=8951"}],"version-history":[{"count":153,"href":"https:\/\/www.cashmontellano.com\/index.php\/wp-json\/wp\/v2\/pages\/8951\/revisions"}],"predecessor-version":[{"id":13957,"href":"https:\/\/www.cashmontellano.com\/index.php\/wp-json\/wp\/v2\/pages\/8951\/revisions\/13957"}],"wp:attachment":[{"href":"https:\/\/www.cashmontellano.com\/index.php\/wp-json\/wp\/v2\/media?parent=8951"}],"curies":[{"name":"wp","href":"https:\/\/api.w.org\/{rel}","templated":true}]}}