{"id":13393,"date":"2021-06-09T14:19:29","date_gmt":"2021-06-09T14:19:29","guid":{"rendered":"https:\/\/www.cashmontellano.com\/?page_id=13393"},"modified":"2025-06-25T11:55:22","modified_gmt":"2025-06-25T11:55:22","slug":"la-empresa","status":"publish","type":"page","link":"https:\/\/www.cashmontellano.com\/index.php\/la-empresa\/","title":{"rendered":"LA EMPRESA"},"content":{"rendered":"\t\t<div data-elementor-type=\"wp-page\" data-elementor-id=\"13393\" class=\"elementor elementor-13393\">\n\t\t\t\t\t\t<section class=\"elementor-section elementor-top-section elementor-element elementor-element-04ed9ae elementor-section-boxed elementor-section-height-default elementor-section-height-default\" data-id=\"04ed9ae\" data-element_type=\"section\">\n\t\t\t\t\t\t<div class=\"elementor-container elementor-column-gap-default\">\n\t\t\t\t\t<div class=\"elementor-column elementor-col-50 elementor-top-column elementor-element elementor-element-6a5d2d5 wpb-col-sm-100 \" data-id=\"6a5d2d5\" data-element_type=\"column\">\n\t\t\t<div class=\"elementor-widget-wrap elementor-element-populated\">\n\t\t\t\t\t\t<div class=\"elementor-element elementor-element-d73fbdd elementor-widget elementor-widget-heading\" data-id=\"d73fbdd\" data-element_type=\"widget\" data-widget_type=\"heading.default\">\n\t\t\t\t<div class=\"elementor-widget-container\">\n\t\t\t<h2 class=\"elementor-heading-title elementor-size-default\">Qui\u00e9nes somos<\/h2>\t\t<\/div>\n\t\t\t\t<\/div>\n\t\t\t\t<div class=\"elementor-element elementor-element-d2a3ff7 elementor-widget elementor-widget-text-editor\" data-id=\"d2a3ff7\" data-element_type=\"widget\" data-widget_type=\"text-editor.default\">\n\t\t\t\t<div class=\"elementor-widget-container\">\n\t\t\t\t\t\t\t<p>En Cash Montellano somos herederos de una tradici\u00f3n familiar en el sector de la alimentaci\u00f3n que se remonta hace mas de 30 a\u00f1os. Supermercados, distribuci\u00f3n y Cash Hosteler\u00eda han sido los antedentes que dan forma a nuestro actual negocio.<br \/>Cash Montellano comienza su andadura en 2016 aunando conocimientos y saber hacer previos con el objetivo de ofrecer un modelo de negocio diferente. Un h\u00edbrido entre el modelo de comercio al por mayor y el comercio menor, con el objetivo de ofrecer a nuestros clientes calidad y variedad al mejor precio.<\/p>\t\t\t\t\t\t<\/div>\n\t\t\t\t<\/div>\n\t\t\t\t<div class=\"elementor-element elementor-element-fdd5ca2 elementor-widget elementor-widget-button\" data-id=\"fdd5ca2\" data-element_type=\"widget\" data-widget_type=\"button.default\">\n\t\t\t\t<div class=\"elementor-widget-container\">\n\t\t\t\t\t<div class=\"elementor-button-wrapper\">\n\t\t\t<a class=\"elementor-button elementor-button-link elementor-size-sm\" href=\"\/cashmontellano\/index.php\/contacta\/\">\n\t\t\t\t\t\t<span class=\"elementor-button-content-wrapper\">\n\t\t\t\t\t\t<span class=\"elementor-button-text\">\u00bfPodemos ayudarle?<\/span>\n\t\t<\/span>\n\t\t\t\t\t<\/a>\n\t\t<\/div>\n\t\t\t\t<\/div>\n\t\t\t\t<\/div>\n\t\t\t\t\t<\/div>\n\t\t<\/div>\n\t\t\t\t<div class=\"elementor-column elementor-col-50 elementor-top-column elementor-element elementor-element-41d9945 wpb-col-sm-100 m-t-30\" data-id=\"41d9945\" data-element_type=\"column\">\n\t\t\t<div class=\"elementor-widget-wrap elementor-element-populated\">\n\t\t\t\t\t\t<div class=\"elementor-element elementor-element-c62385d elementor-widget elementor-widget-image\" data-id=\"c62385d\" data-element_type=\"widget\" data-widget_type=\"image.default\">\n\t\t\t\t<div class=\"elementor-widget-container\">\n\t\t\t\t\t\t\t\t\t\t\t\t\t<img fetchpriority=\"high\" decoding=\"async\" width=\"610\" height=\"376\" src=\"https:\/\/www.cashmontellano.com\/wp-content\/uploads\/2021\/08\/la-empresa.jpg\" class=\"attachment-full size-full wp-image-13683\" alt=\"\" \/>\t\t\t\t\t\t\t\t\t\t\t\t\t<\/div>\n\t\t\t\t<\/div>\n\t\t\t\t\t<\/div>\n\t\t<\/div>\n\t\t\t\t\t<\/div>\n\t\t<\/section>\n\t\t\t\t<section class=\"elementor-section elementor-top-section elementor-element elementor-element-7d9946b elementor-section-stretched elementor-section-boxed elementor-section-height-default elementor-section-height-default\" data-id=\"7d9946b\" data-element_type=\"section\" data-settings=\"{&quot;stretch_section&quot;:&quot;section-stretched&quot;}\">\n\t\t\t\t\t\t<div class=\"elementor-container elementor-column-gap-default\">\n\t\t\t\t\t<div class=\"elementor-column elementor-col-100 elementor-top-column elementor-element elementor-element-de1dbb5\" data-id=\"de1dbb5\" data-element_type=\"column\">\n\t\t\t<div class=\"elementor-widget-wrap elementor-element-populated\">\n\t\t\t\t\t\t<div class=\"elementor-element elementor-element-817916d title-block-1 elementor-widget elementor-widget-text-editor\" data-id=\"817916d\" data-element_type=\"widget\" data-widget_type=\"text-editor.default\">\n\t\t\t\t<div class=\"elementor-widget-container\">\n\t\t\t\t\t\t\t<h2>Nuestras instalaciones<\/h2>\t\t\t\t\t\t<\/div>\n\t\t\t\t<\/div>\n\t\t\t\t<div class=\"elementor-element elementor-element-1a2b024 gallery-spacing-custom elementor-widget elementor-widget-image-gallery\" data-id=\"1a2b024\" data-element_type=\"widget\" data-widget_type=\"image-gallery.default\">\n\t\t\t\t<div class=\"elementor-widget-container\">\n\t\t\t\t\t<div class=\"elementor-image-gallery\">\n\t\t\t<div id='gallery-1' class='gallery galleryid-13393 gallery-columns-4 gallery-size-omeli-blog-sidebar'><figure class='gallery-item'>\n\t\t\t<div class='gallery-icon portrait'>\n\t\t\t\t<a data-elementor-open-lightbox=\"yes\" data-elementor-lightbox-slideshow=\"1a2b024\" data-elementor-lightbox-title=\"12\" data-e-action-hash=\"#elementor-action%3Aaction%3Dlightbox%26settings%3DeyJpZCI6MTM3MDIsInVybCI6Imh0dHBzOlwvXC93d3cuY2FzaG1vbnRlbGxhbm8uY29tXC93cC1jb250ZW50XC91cGxvYWRzXC8yMDIxXC8wOFwvMTIuanBnIiwic2xpZGVzaG93IjoiMWEyYjAyNCJ9\" href='https:\/\/www.cashmontellano.com\/wp-content\/uploads\/2021\/08\/12.jpg'><img decoding=\"async\" width=\"500\" height=\"500\" src=\"https:\/\/www.cashmontellano.com\/wp-content\/uploads\/2021\/08\/12-500x500.jpg\" class=\"attachment-omeli-blog-sidebar size-omeli-blog-sidebar\" alt=\"\" \/><\/a>\n\t\t\t<\/div><\/figure><figure class='gallery-item'>\n\t\t\t<div class='gallery-icon landscape'>\n\t\t\t\t<a data-elementor-open-lightbox=\"yes\" data-elementor-lightbox-slideshow=\"1a2b024\" data-elementor-lightbox-title=\"11\" data-e-action-hash=\"#elementor-action%3Aaction%3Dlightbox%26settings%3DeyJpZCI6MTM3MDEsInVybCI6Imh0dHBzOlwvXC93d3cuY2FzaG1vbnRlbGxhbm8uY29tXC93cC1jb250ZW50XC91cGxvYWRzXC8yMDIxXC8wOFwvMTEuanBnIiwic2xpZGVzaG93IjoiMWEyYjAyNCJ9\" href='https:\/\/www.cashmontellano.com\/wp-content\/uploads\/2021\/08\/11.jpg'><img decoding=\"async\" width=\"500\" height=\"500\" src=\"https:\/\/www.cashmontellano.com\/wp-content\/uploads\/2021\/08\/11-500x500.jpg\" class=\"attachment-omeli-blog-sidebar size-omeli-blog-sidebar\" alt=\"\" \/><\/a>\n\t\t\t<\/div><\/figure><figure class='gallery-item'>\n\t\t\t<div class='gallery-icon landscape'>\n\t\t\t\t<a data-elementor-open-lightbox=\"yes\" data-elementor-lightbox-slideshow=\"1a2b024\" data-elementor-lightbox-title=\"10\" data-e-action-hash=\"#elementor-action%3Aaction%3Dlightbox%26settings%3DeyJpZCI6MTM3MDAsInVybCI6Imh0dHBzOlwvXC93d3cuY2FzaG1vbnRlbGxhbm8uY29tXC93cC1jb250ZW50XC91cGxvYWRzXC8yMDIxXC8wOFwvMTAuanBnIiwic2xpZGVzaG93IjoiMWEyYjAyNCJ9\" href='https:\/\/www.cashmontellano.com\/wp-content\/uploads\/2021\/08\/10.jpg'><img loading=\"lazy\" decoding=\"async\" width=\"500\" height=\"500\" src=\"https:\/\/www.cashmontellano.com\/wp-content\/uploads\/2021\/08\/10-500x500.jpg\" class=\"attachment-omeli-blog-sidebar size-omeli-blog-sidebar\" alt=\"\" \/><\/a>\n\t\t\t<\/div><\/figure><figure class='gallery-item'>\n\t\t\t<div class='gallery-icon portrait'>\n\t\t\t\t<a data-elementor-open-lightbox=\"yes\" data-elementor-lightbox-slideshow=\"1a2b024\" data-elementor-lightbox-title=\"09\" data-e-action-hash=\"#elementor-action%3Aaction%3Dlightbox%26settings%3DeyJpZCI6MTM2OTksInVybCI6Imh0dHBzOlwvXC93d3cuY2FzaG1vbnRlbGxhbm8uY29tXC93cC1jb250ZW50XC91cGxvYWRzXC8yMDIxXC8wOFwvMDkuanBnIiwic2xpZGVzaG93IjoiMWEyYjAyNCJ9\" href='https:\/\/www.cashmontellano.com\/wp-content\/uploads\/2021\/08\/09.jpg'><img loading=\"lazy\" decoding=\"async\" width=\"500\" height=\"500\" src=\"https:\/\/www.cashmontellano.com\/wp-content\/uploads\/2021\/08\/09-500x500.jpg\" class=\"attachment-omeli-blog-sidebar size-omeli-blog-sidebar\" alt=\"\" \/><\/a>\n\t\t\t<\/div><\/figure><figure class='gallery-item'>\n\t\t\t<div class='gallery-icon landscape'>\n\t\t\t\t<a data-elementor-open-lightbox=\"yes\" data-elementor-lightbox-slideshow=\"1a2b024\" data-elementor-lightbox-title=\"08\" data-e-action-hash=\"#elementor-action%3Aaction%3Dlightbox%26settings%3DeyJpZCI6MTM2OTcsInVybCI6Imh0dHBzOlwvXC93d3cuY2FzaG1vbnRlbGxhbm8uY29tXC93cC1jb250ZW50XC91cGxvYWRzXC8yMDIxXC8wOFwvMDguanBnIiwic2xpZGVzaG93IjoiMWEyYjAyNCJ9\" href='https:\/\/www.cashmontellano.com\/wp-content\/uploads\/2021\/08\/08.jpg'><img loading=\"lazy\" decoding=\"async\" width=\"500\" height=\"500\" src=\"https:\/\/www.cashmontellano.com\/wp-content\/uploads\/2021\/08\/08-500x500.jpg\" class=\"attachment-omeli-blog-sidebar size-omeli-blog-sidebar\" alt=\"\" \/><\/a>\n\t\t\t<\/div><\/figure><figure class='gallery-item'>\n\t\t\t<div class='gallery-icon landscape'>\n\t\t\t\t<a data-elementor-open-lightbox=\"yes\" data-elementor-lightbox-slideshow=\"1a2b024\" data-elementor-lightbox-title=\"07\" data-e-action-hash=\"#elementor-action%3Aaction%3Dlightbox%26settings%3DeyJpZCI6MTM2OTYsInVybCI6Imh0dHBzOlwvXC93d3cuY2FzaG1vbnRlbGxhbm8uY29tXC93cC1jb250ZW50XC91cGxvYWRzXC8yMDIxXC8wOFwvMDcuanBnIiwic2xpZGVzaG93IjoiMWEyYjAyNCJ9\" href='https:\/\/www.cashmontellano.com\/wp-content\/uploads\/2021\/08\/07.jpg'><img loading=\"lazy\" decoding=\"async\" width=\"500\" height=\"500\" src=\"https:\/\/www.cashmontellano.com\/wp-content\/uploads\/2021\/08\/07-500x500.jpg\" class=\"attachment-omeli-blog-sidebar size-omeli-blog-sidebar\" alt=\"\" \/><\/a>\n\t\t\t<\/div><\/figure><figure class='gallery-item'>\n\t\t\t<div class='gallery-icon portrait'>\n\t\t\t\t<a data-elementor-open-lightbox=\"yes\" data-elementor-lightbox-slideshow=\"1a2b024\" data-elementor-lightbox-title=\"06\" data-e-action-hash=\"#elementor-action%3Aaction%3Dlightbox%26settings%3DeyJpZCI6MTM2OTUsInVybCI6Imh0dHBzOlwvXC93d3cuY2FzaG1vbnRlbGxhbm8uY29tXC93cC1jb250ZW50XC91cGxvYWRzXC8yMDIxXC8wOFwvMDYuanBnIiwic2xpZGVzaG93IjoiMWEyYjAyNCJ9\" href='https:\/\/www.cashmontellano.com\/wp-content\/uploads\/2021\/08\/06.jpg'><img loading=\"lazy\" decoding=\"async\" width=\"500\" height=\"500\" src=\"https:\/\/www.cashmontellano.com\/wp-content\/uploads\/2021\/08\/06-500x500.jpg\" class=\"attachment-omeli-blog-sidebar size-omeli-blog-sidebar\" alt=\"\" \/><\/a>\n\t\t\t<\/div><\/figure><figure class='gallery-item'>\n\t\t\t<div class='gallery-icon portrait'>\n\t\t\t\t<a data-elementor-open-lightbox=\"yes\" data-elementor-lightbox-slideshow=\"1a2b024\" data-elementor-lightbox-title=\"05\" data-e-action-hash=\"#elementor-action%3Aaction%3Dlightbox%26settings%3DeyJpZCI6MTM2OTQsInVybCI6Imh0dHBzOlwvXC93d3cuY2FzaG1vbnRlbGxhbm8uY29tXC93cC1jb250ZW50XC91cGxvYWRzXC8yMDIxXC8wOFwvMDUuanBnIiwic2xpZGVzaG93IjoiMWEyYjAyNCJ9\" href='https:\/\/www.cashmontellano.com\/wp-content\/uploads\/2021\/08\/05.jpg'><img loading=\"lazy\" decoding=\"async\" width=\"500\" height=\"500\" src=\"https:\/\/www.cashmontellano.com\/wp-content\/uploads\/2021\/08\/05-500x500.jpg\" class=\"attachment-omeli-blog-sidebar size-omeli-blog-sidebar\" alt=\"\" \/><\/a>\n\t\t\t<\/div><\/figure><figure class='gallery-item'>\n\t\t\t<div class='gallery-icon portrait'>\n\t\t\t\t<a data-elementor-open-lightbox=\"yes\" data-elementor-lightbox-slideshow=\"1a2b024\" data-elementor-lightbox-title=\"04\" data-e-action-hash=\"#elementor-action%3Aaction%3Dlightbox%26settings%3DeyJpZCI6MTM2OTMsInVybCI6Imh0dHBzOlwvXC93d3cuY2FzaG1vbnRlbGxhbm8uY29tXC93cC1jb250ZW50XC91cGxvYWRzXC8yMDIxXC8wOFwvMDQuanBnIiwic2xpZGVzaG93IjoiMWEyYjAyNCJ9\" href='https:\/\/www.cashmontellano.com\/wp-content\/uploads\/2021\/08\/04.jpg'><img loading=\"lazy\" decoding=\"async\" width=\"500\" height=\"500\" src=\"https:\/\/www.cashmontellano.com\/wp-content\/uploads\/2021\/08\/04-500x500.jpg\" class=\"attachment-omeli-blog-sidebar size-omeli-blog-sidebar\" alt=\"\" \/><\/a>\n\t\t\t<\/div><\/figure><figure class='gallery-item'>\n\t\t\t<div class='gallery-icon portrait'>\n\t\t\t\t<a data-elementor-open-lightbox=\"yes\" data-elementor-lightbox-slideshow=\"1a2b024\" data-elementor-lightbox-title=\"03\" data-e-action-hash=\"#elementor-action%3Aaction%3Dlightbox%26settings%3DeyJpZCI6MTM2OTIsInVybCI6Imh0dHBzOlwvXC93d3cuY2FzaG1vbnRlbGxhbm8uY29tXC93cC1jb250ZW50XC91cGxvYWRzXC8yMDIxXC8wOFwvMDMuanBnIiwic2xpZGVzaG93IjoiMWEyYjAyNCJ9\" href='https:\/\/www.cashmontellano.com\/wp-content\/uploads\/2021\/08\/03.jpg'><img loading=\"lazy\" decoding=\"async\" width=\"500\" height=\"500\" src=\"https:\/\/www.cashmontellano.com\/wp-content\/uploads\/2021\/08\/03-500x500.jpg\" class=\"attachment-omeli-blog-sidebar size-omeli-blog-sidebar\" alt=\"\" \/><\/a>\n\t\t\t<\/div><\/figure><figure class='gallery-item'>\n\t\t\t<div class='gallery-icon portrait'>\n\t\t\t\t<a data-elementor-open-lightbox=\"yes\" data-elementor-lightbox-slideshow=\"1a2b024\" data-elementor-lightbox-title=\"02\" data-e-action-hash=\"#elementor-action%3Aaction%3Dlightbox%26settings%3DeyJpZCI6MTM2OTEsInVybCI6Imh0dHBzOlwvXC93d3cuY2FzaG1vbnRlbGxhbm8uY29tXC93cC1jb250ZW50XC91cGxvYWRzXC8yMDIxXC8wOFwvMDIuanBnIiwic2xpZGVzaG93IjoiMWEyYjAyNCJ9\" href='https:\/\/www.cashmontellano.com\/wp-content\/uploads\/2021\/08\/02.jpg'><img loading=\"lazy\" decoding=\"async\" width=\"500\" height=\"500\" src=\"https:\/\/www.cashmontellano.com\/wp-content\/uploads\/2021\/08\/02-500x500.jpg\" class=\"attachment-omeli-blog-sidebar size-omeli-blog-sidebar\" alt=\"\" \/><\/a>\n\t\t\t<\/div><\/figure><figure class='gallery-item'>\n\t\t\t<div class='gallery-icon portrait'>\n\t\t\t\t<a data-elementor-open-lightbox=\"yes\" data-elementor-lightbox-slideshow=\"1a2b024\" data-elementor-lightbox-title=\"01\" data-e-action-hash=\"#elementor-action%3Aaction%3Dlightbox%26settings%3DeyJpZCI6MTM2OTAsInVybCI6Imh0dHBzOlwvXC93d3cuY2FzaG1vbnRlbGxhbm8uY29tXC93cC1jb250ZW50XC91cGxvYWRzXC8yMDIxXC8wOFwvMDEuanBnIiwic2xpZGVzaG93IjoiMWEyYjAyNCJ9\" href='https:\/\/www.cashmontellano.com\/wp-content\/uploads\/2021\/08\/01.jpg'><img loading=\"lazy\" decoding=\"async\" width=\"500\" height=\"500\" src=\"https:\/\/www.cashmontellano.com\/wp-content\/uploads\/2021\/08\/01-500x500.jpg\" class=\"attachment-omeli-blog-sidebar size-omeli-blog-sidebar\" alt=\"\" \/><\/a>\n\t\t\t<\/div><\/figure><figure class='gallery-item'>\n\t\t\t<div class='gallery-icon landscape'>\n\t\t\t\t<a data-elementor-open-lightbox=\"yes\" data-elementor-lightbox-slideshow=\"1a2b024\" data-elementor-lightbox-title=\"la-empresa\" data-e-action-hash=\"#elementor-action%3Aaction%3Dlightbox%26settings%3DeyJpZCI6MTM2ODMsInVybCI6Imh0dHBzOlwvXC93d3cuY2FzaG1vbnRlbGxhbm8uY29tXC93cC1jb250ZW50XC91cGxvYWRzXC8yMDIxXC8wOFwvbGEtZW1wcmVzYS5qcGciLCJzbGlkZXNob3ciOiIxYTJiMDI0In0%3D\" href='https:\/\/www.cashmontellano.com\/wp-content\/uploads\/2021\/08\/la-empresa.jpg'><img loading=\"lazy\" decoding=\"async\" width=\"500\" height=\"376\" src=\"https:\/\/www.cashmontellano.com\/wp-content\/uploads\/2021\/08\/la-empresa-500x376.jpg\" class=\"attachment-omeli-blog-sidebar size-omeli-blog-sidebar\" alt=\"\" \/><\/a>\n\t\t\t<\/div><\/figure>\n\t\t<\/div>\n\t\t<\/div>\n\t\t\t\t<\/div>\n\t\t\t\t<\/div>\n\t\t\t\t\t<\/div>\n\t\t<\/div>\n\t\t\t\t\t<\/div>\n\t\t<\/section>\n\t\t\t\t<\/div>\n\t\t","protected":false},"excerpt":{"rendered":"<p>Qui\u00e9nes somos En Cash Montellano somos herederos de una tradici\u00f3n familiar en el sector de la alimentaci\u00f3n que se remonta hace mas de 30 a\u00f1os. Supermercados, distribuci\u00f3n y Cash Hosteler\u00eda han sido los antedentes que dan forma a nuestro actual negocio.Cash Montellano comienza su andadura en 2016 aunando conocimientos y saber hacer previos con el [&hellip;]<\/p>\n","protected":false},"author":1,"featured_media":0,"parent":0,"menu_order":0,"comment_status":"closed","ping_status":"closed","template":"","meta":{"footnotes":""},"class_list":["post-13393","page","type-page","status-publish","hentry"],"_links":{"self":[{"href":"https:\/\/www.cashmontellano.com\/index.php\/wp-json\/wp\/v2\/pages\/13393","targetHints":{"allow":["GET"]}}],"collection":[{"href":"https:\/\/www.cashmontellano.com\/index.php\/wp-json\/wp\/v2\/pages"}],"about":[{"href":"https:\/\/www.cashmontellano.com\/index.php\/wp-json\/wp\/v2\/types\/page"}],"author":[{"embeddable":true,"href":"https:\/\/www.cashmontellano.com\/index.php\/wp-json\/wp\/v2\/users\/1"}],"replies":[{"embeddable":true,"href":"https:\/\/www.cashmontellano.com\/index.php\/wp-json\/wp\/v2\/comments?post=13393"}],"version-history":[{"count":56,"href":"https:\/\/www.cashmontellano.com\/index.php\/wp-json\/wp\/v2\/pages\/13393\/revisions"}],"predecessor-version":[{"id":13958,"href":"https:\/\/www.cashmontellano.com\/index.php\/wp-json\/wp\/v2\/pages\/13393\/revisions\/13958"}],"wp:attachment":[{"href":"https:\/\/www.cashmontellano.com\/index.php\/wp-json\/wp\/v2\/media?parent=13393"}],"curies":[{"name":"wp","href":"https:\/\/api.w.org\/{rel}","templated":true}]}}